{"id":85,"date":"2017-04-05T10:47:48","date_gmt":"2017-04-05T13:47:48","guid":{"rendered":"https:\/\/numix.com.uy\/?page_id=85"},"modified":"2025-04-28T14:43:50","modified_gmt":"2025-04-28T17:43:50","slug":"inicio","status":"publish","type":"page","link":"https:\/\/numix.com.uy\/en\/","title":{"rendered":"HOME"},"content":{"rendered":"<section class=\"wpb-content-wrapper\"><p><\/p>\n<p>[vc_row full_width=&#8221;stretch_row&#8221;][vc_column][rev_slider_vc alias=&#8221;home-2&#8243;][\/vc_column][\/vc_row][vc_row full_width=&#8221;stretch_row&#8221; gap=&#8221;15&#8243; equal_height=&#8221;yes&#8221; content_placement=&#8221;top&#8221; scheme=&#8221;default&#8221; css=&#8221;.vc_custom_1693679379544{padding-top: 50px !important;padding-bottom: 50px !important;}&#8221;][vc_column width=&#8221;1\/3&#8243;][vc_single_image image=&#8221;1681&#8243; img_size=&#8221;full&#8221;][vc_empty_space height=&#8221;27px&#8221; alter_height=&#8221;none&#8221; hide_on_mobile=&#8221;&#8221;]<div id=\"sc_title_1010239322\"\r\n\t\tclass=\"sc_title color_style_default sc_title_default\"><h5 class=\"sc_item_title sc_title_title sc_align_center sc_item_title_style_default sc_item_title_tag\">About us<\/h5><\/div><!-- \/.sc_title -->[vc_empty_space height=&#8221;&#8221; hide_on_mobile=&#8221;&#8221;][vc_column_text]<\/p>\n<p style=\"text-align: center; color: #333;\">We are a balanced food plant located in the Department of Durazno, a strategic point due to its geographical location and livestock tradition, declared of Departmental and National interest, very important factors for the development of the project.<\/p>\n<p>[\/vc_column_text][vc_empty_space height=&#8221;&#8221; hide_on_mobile=&#8221;&#8221;]<div class=\"sc_item_button sc_button_wrap sc_align_center\"><a href=\"https:\/\/numix.com.uy\/quienes-somos\/numix\/\" id=\"sc_button_1255873297\" class=\"sc_button color_style_default sc_button_simple sc_button_size_normal sc_button_icon_left\"><span class=\"sc_button_text sc_align_center\"><span class=\"sc_button_title\">Read more<\/span><\/span><!-- \/.sc_button_text --><\/a><!-- \/.sc_button --><\/div><!-- \/.sc_item_button -->[vc_empty_space alter_height=&#8221;medium&#8221; hide_on_mobile=&#8221;&#8221;][\/vc_column][vc_column width=&#8221;1\/3&#8243;][vc_single_image image=&#8221;1678&#8243; img_size=&#8221;full&#8221;][vc_empty_space height=&#8221;27px&#8221; alter_height=&#8221;none&#8221; hide_on_mobile=&#8221;&#8221;]<div id=\"sc_title_1530712493\"\r\n\t\tclass=\"sc_title color_style_default sc_title_default\"><h5 class=\"sc_item_title sc_title_title sc_align_center sc_item_title_style_default sc_item_title_tag\">What do we do?<\/h5><\/div><!-- \/.sc_title -->[vc_empty_space height=&#8221;&#8221; hide_on_mobile=&#8221;&#8221;][vc_column_text]<\/p>\n<p style=\"text-align: center; color: #333;\">Balanced food for beef cattle, dairy cattle, protein cores, sheep and horse lines. Cores and Premixes for food production in agricultural establishments, feedlots, dairy farms, among others.<\/p>\n<p>[\/vc_column_text][vc_empty_space height=&#8221;&#8221; hide_on_mobile=&#8221;&#8221;]<div class=\"sc_item_button sc_button_wrap sc_align_center\"><a href=\"https:\/\/numix.com.uy\/quienes-somos\/numix\/\" id=\"sc_button_710685562\" class=\"sc_button color_style_default sc_button_simple sc_button_size_normal sc_button_icon_left\"><span class=\"sc_button_text sc_align_center\"><span class=\"sc_button_title\">Read more<\/span><\/span><!-- \/.sc_button_text --><\/a><!-- \/.sc_button --><\/div><!-- \/.sc_item_button -->[vc_empty_space alter_height=&#8221;medium&#8221; hide_on_mobile=&#8221;&#8221;][\/vc_column][vc_column width=&#8221;1\/3&#8243;][vc_single_image image=&#8221;1679&#8243; img_size=&#8221;full&#8221;][vc_empty_space height=&#8221;27px&#8221; alter_height=&#8221;none&#8221; hide_on_mobile=&#8221;&#8221;]<div id=\"sc_title_765808070\"\r\n\t\tclass=\"sc_title color_style_default sc_title_default\"><h5 class=\"sc_item_title sc_title_title sc_align_center sc_item_title_style_default sc_item_title_tag\">Quality politics<\/h5><\/div><!-- \/.sc_title -->[vc_empty_space height=&#8221;&#8221; hide_on_mobile=&#8221;&#8221;][vc_column_text]<\/p>\n<p style=\"text-align: center; color: #333;\">All our processes are 100% automated with strict quality control and certification according to the most demanding production standards, by the MGAyP and ISO 22,000 of \u201cLATU Sistemas\u201d.<\/p>\n<p>[\/vc_column_text][vc_empty_space height=&#8221;&#8221; hide_on_mobile=&#8221;&#8221;]<div class=\"sc_item_button sc_button_wrap sc_align_center\"><a href=\"https:\/\/numix.com.uy\/quienes-somos\/numix\/#politica-de-calidad\" id=\"sc_button_253439892\" class=\"sc_button color_style_default sc_button_simple sc_button_size_normal sc_button_icon_left\"><span class=\"sc_button_text sc_align_center\"><span class=\"sc_button_title\">Read more<\/span><\/span><!-- \/.sc_button_text --><\/a><!-- \/.sc_button --><\/div><!-- \/.sc_item_button -->[vc_empty_space alter_height=&#8221;medium&#8221; hide_on_mobile=&#8221;&#8221;][\/vc_column][\/vc_row][vc_row full_width=&#8221;stretch_row&#8221; gap=&#8221;15&#8243; content_placement=&#8221;top&#8221; scheme=&#8221;default&#8221; css=&#8221;.vc_custom_1693420777397{padding-bottom: 10px !important;}&#8221;][vc_column width=&#8221;1\/2&#8243; css=&#8221;.vc_custom_1693420642255{margin-top: 0px !important;margin-right: 0px !important;margin-bottom: 0px !important;margin-left: 0px !important;padding-top: 0px !important;padding-right: 0px !important;padding-bottom: 0px !important;padding-left: 0px !important;}&#8221;][vc_single_image image=&#8221;2015&#8243; img_size=&#8221;full&#8221; onclick=&#8221;custom_link&#8221; css_animation=&#8221;fadeIn&#8221; css=&#8221;.vc_custom_1718896754449{margin-top: 0px !important;margin-right: 0px !important;margin-bottom: 0px !important;margin-left: 0px !important;padding-top: 0px !important;padding-right: 0px !important;padding-bottom: 0px !important;padding-left: 0px !important;}&#8221; el_class=&#8221;cyg&#8211;img-link&#8221; link=&#8221;https:\/\/numix.com.uy\/alimentos-balanceados\/&#8221;][\/vc_column][vc_column width=&#8221;1\/2&#8243; css=&#8221;.vc_custom_1693420717936{margin-top: 0px !important;margin-right: 0px !important;margin-bottom: 0px !important;margin-left: 0px !important;padding-top: 0px !important;padding-right: 0px !important;padding-bottom: 0px !important;padding-left: 0px !important;}&#8221;][vc_single_image image=&#8221;2014&#8243; img_size=&#8221;full&#8221; onclick=&#8221;custom_link&#8221; css_animation=&#8221;fadeIn&#8221; css=&#8221;.vc_custom_1718896762009{margin-top: 0px !important;margin-right: 0px !important;margin-bottom: 0px !important;margin-left: 0px !important;padding-top: 0px !important;padding-right: 0px !important;padding-bottom: 0px !important;padding-left: 0px !important;}&#8221; link=&#8221;https:\/\/numix.com.uy\/nucleos-y-premixes\/&#8221; el_class=&#8221;cyg&#8211;img-link&#8221;][\/vc_column][\/vc_row][vc_row full_width=&#8221;stretch_row&#8221; content_placement=&#8221;top&#8221; scheme=&#8221;default&#8221;][vc_column css=&#8221;.vc_custom_1693421871239{margin-top: 0px !important;margin-right: 0px !important;margin-bottom: 0px !important;margin-left: 0px !important;border-top-width: 0px !important;padding-top: 0px !important;padding-right: 0px !important;padding-bottom: 0px !important;padding-left: 0px !important;}&#8221;][vc_single_image image=&#8221;2113&#8243; img_size=&#8221;full&#8221; onclick=&#8221;custom_link&#8221; css_animation=&#8221;fadeIn&#8221; css=&#8221;.vc_custom_1720191731310{margin-top: 0px !important;margin-right: 0px !important;margin-bottom: 0px !important;margin-left: 0px !important;padding-top: 0px !important;padding-right: 0px !important;padding-bottom: 0px !important;padding-left: 0px !important;}&#8221; link=&#8221;https:\/\/numix.com.uy\/alimento-de-mascotas\/&#8221; el_class=&#8221;cyg&#8211;img-link&#8221;][\/vc_column][\/vc_row][vc_row full_width=&#8221;stretch_row&#8221; content_placement=&#8221;top&#8221; scheme=&#8221;default&#8221;][vc_column css=&#8221;.vc_custom_1693421871239{margin-top: 0px !important;margin-right: 0px !important;margin-bottom: 0px !important;margin-left: 0px !important;border-top-width: 0px !important;padding-top: 0px !important;padding-right: 0px !important;padding-bottom: 0px !important;padding-left: 0px !important;}&#8221;][vc_empty_space height=&#8221;27px&#8221; alter_height=&#8221;none&#8221; hide_on_mobile=&#8221;&#8221;][\/vc_column][\/vc_row][vc_row full_width=&#8221;stretch_row&#8221; gap=&#8221;3&#8243; equal_height=&#8221;yes&#8221; content_placement=&#8221;top&#8221; scheme=&#8221;default&#8221; css=&#8221;.vc_custom_1694456035577{background-color: #f2f2f2 !important;}&#8221; el_class=&#8221;cyg&#8211;items&#8221;][vc_column width=&#8221;1\/4&#8243; css=&#8221;.vc_custom_1694456096966{padding-top: 20px !important;padding-right: 20px !important;padding-bottom: 20px !important;padding-left: 20px !important;background-color: #ebebeb !important;}&#8221; el_class=&#8221;cyg&#8211;translate&#8221;][vc_empty_space height=&#8221;27px&#8221; alter_height=&#8221;none&#8221; hide_on_mobile=&#8221;&#8221;][vc_single_image image=&#8221;1059&#8243; img_size=&#8221;full&#8221; alignment=&#8221;center&#8221; el_class=&#8221;iconos-home&#8221;]<div id=\"sc_title_517150865\"\r\n\t\tclass=\"sc_title color_style_default sc_title_default\"><h5 class=\"sc_item_title sc_title_title sc_align_center sc_item_title_style_default sc_item_title_tag\">Quality<\/h5><\/div><!-- \/.sc_title -->[vc_empty_space height=&#8221;&#8221; hide_on_mobile=&#8221;&#8221;][vc_column_text]<\/p>\n<p style=\"text-align: center; color: #333;\">Our products comply with the ISO 22000 Quality certification and to do so we use the best raw materials and a modern processing system.<\/p>\n<p>[\/vc_column_text][vc_empty_space height=&#8221;&#8221; hide_on_mobile=&#8221;&#8221;][\/vc_column][vc_column width=&#8221;1\/4&#8243; css=&#8221;.vc_custom_1694456102483{background-color: #ebebeb !important;}&#8221; el_class=&#8221;cyg&#8211;translate&#8221;][vc_empty_space height=&#8221;27px&#8221; alter_height=&#8221;none&#8221; hide_on_mobile=&#8221;&#8221;][vc_single_image image=&#8221;1058&#8243; img_size=&#8221;full&#8221; alignment=&#8221;center&#8221; el_class=&#8221;iconos-home&#8221;]<div id=\"sc_title_1073865375\"\r\n\t\tclass=\"sc_title color_style_default sc_title_default\"><h5 class=\"sc_item_title sc_title_title sc_align_center sc_item_title_style_default sc_item_title_tag\">Service<\/h5><\/div><!-- \/.sc_title -->[vc_empty_space height=&#8221;&#8221; hide_on_mobile=&#8221;&#8221;][vc_column_text]<\/p>\n<p style=\"text-align: center; color: #333;\">At Numix, professionals with a broad vocation for service work, providing constant advice and support in planning productive action.<\/p>\n<p>[\/vc_column_text][vc_empty_space height=&#8221;&#8221; hide_on_mobile=&#8221;&#8221;][\/vc_column][vc_column width=&#8221;1\/4&#8243; css=&#8221;.vc_custom_1694456107437{background-color: #ebebeb !important;}&#8221; el_class=&#8221;cyg&#8211;translate&#8221;][vc_empty_space height=&#8221;27px&#8221; alter_height=&#8221;none&#8221; hide_on_mobile=&#8221;&#8221;][vc_single_image image=&#8221;1056&#8243; img_size=&#8221;full&#8221; alignment=&#8221;center&#8221; el_class=&#8221;iconos-home&#8221;]<div id=\"sc_title_1764399355\"\r\n\t\tclass=\"sc_title color_style_default sc_title_default\"><h5 class=\"sc_item_title sc_title_title sc_align_center sc_item_title_style_default sc_item_title_tag\">Commitment<\/h5><\/div><!-- \/.sc_title -->[vc_empty_space height=&#8221;&#8221; hide_on_mobile=&#8221;&#8221;][vc_column_text]<\/p>\n<p style=\"text-align: center; color: #333;\">We are committed to your production, providing you with the best food and all the support of our plant so that you always have the best result.<\/p>\n<p>[\/vc_column_text][vc_empty_space height=&#8221;&#8221; hide_on_mobile=&#8221;&#8221;][\/vc_column][vc_column width=&#8221;1\/4&#8243; css=&#8221;.vc_custom_1694456113706{background-color: #ebebeb !important;}&#8221; el_class=&#8221;cyg&#8211;translate&#8221;][vc_empty_space height=&#8221;27px&#8221; alter_height=&#8221;none&#8221; hide_on_mobile=&#8221;&#8221;][vc_single_image image=&#8221;1057&#8243; img_size=&#8221;full&#8221; alignment=&#8221;center&#8221; el_class=&#8221;iconos-home&#8221;]<div id=\"sc_title_694619882\"\r\n\t\tclass=\"sc_title color_style_default sc_title_default\"><h5 class=\"sc_item_title sc_title_title sc_align_center sc_item_title_style_default sc_item_title_tag\">Cost effectiveness<\/h5><\/div><!-- \/.sc_title -->[vc_empty_space height=&#8221;&#8221; hide_on_mobile=&#8221;&#8221;][vc_column_text]<\/p>\n<p style=\"text-align: center; color: #333;\">We offer you the best quality-price ratio so that our feeds optimize the production of your animals.<\/p>\n<p>[\/vc_column_text][vc_empty_space height=&#8221;&#8221; hide_on_mobile=&#8221;&#8221;][\/vc_column][\/vc_row][vc_row content_placement=&#8221;middle&#8221; css=&#8221;.vc_custom_1699905419911{padding-top: 70px !important;padding-bottom: 70px !important;}&#8221; el_id=&#8221;formulario-de-contacto&#8221;][vc_column icons_position=&#8221;left&#8221;]\n<div class=\"wpcf7 no-js\" id=\"wpcf7-f6-o2\" lang=\"en-US\" dir=\"ltr\" data-wpcf7-id=\"6\">\n<div class=\"screen-reader-response\"><p role=\"status\" aria-live=\"polite\" aria-atomic=\"true\"><\/p> <ul><\/ul><\/div>\n<form action=\"\/en\/wp-json\/wp\/v2\/pages\/85#wpcf7-f6-o2\" method=\"post\" class=\"wpcf7-form init\" aria-label=\"Contact form\" novalidate=\"novalidate\" data-status=\"init\">\n<fieldset class=\"hidden-fields-container\"><input type=\"hidden\" name=\"_wpcf7\" value=\"6\" \/><input type=\"hidden\" name=\"_wpcf7_version\" value=\"6.1.2\" \/><input type=\"hidden\" name=\"_wpcf7_locale\" value=\"en_US\" \/><input type=\"hidden\" name=\"_wpcf7_unit_tag\" value=\"wpcf7-f6-o2\" \/><input type=\"hidden\" name=\"_wpcf7_container_post\" value=\"0\" \/><input type=\"hidden\" name=\"_wpcf7_posted_data_hash\" value=\"\" \/>\n<\/fieldset>\n<div class=\"cyg--form\">\n\t<section class=\"cyg--d-grid\">\n\t\t<p><span class=\"wpcf7-form-control-wrap\" data-name=\"nombre\"><input size=\"40\" maxlength=\"400\" class=\"wpcf7-form-control wpcf7-text wpcf7-validates-as-required\" aria-required=\"true\" aria-invalid=\"false\" placeholder=\"Name\" value=\"\" type=\"text\" name=\"nombre\" \/><\/span><span class=\"wpcf7-form-control-wrap\" data-name=\"email\"><input size=\"40\" maxlength=\"400\" class=\"wpcf7-form-control wpcf7-email wpcf7-validates-as-required wpcf7-text wpcf7-validates-as-email\" aria-required=\"true\" aria-invalid=\"false\" placeholder=\"E-mail\" value=\"\" type=\"email\" name=\"email\" \/><\/span>\n\t\t<\/p>\n\t<\/section>\n\t<p><span class=\"wpcf7-form-control-wrap\" data-name=\"asunto\"><input size=\"40\" maxlength=\"400\" class=\"wpcf7-form-control wpcf7-text wpcf7-validates-as-required\" aria-required=\"true\" aria-invalid=\"false\" placeholder=\"Subject\" value=\"\" type=\"text\" name=\"asunto\" \/><\/span><br \/>\n<span class=\"wpcf7-form-control-wrap\" data-name=\"mensaje\"><textarea cols=\"40\" rows=\"10\" maxlength=\"2000\" class=\"wpcf7-form-control wpcf7-textarea wpcf7-validates-as-required\" aria-required=\"true\" aria-invalid=\"false\" placeholder=\"Message\" name=\"mensaje\"><\/textarea><\/span><br \/>\n<input class=\"wpcf7-form-control wpcf7-submit has-spinner\" type=\"submit\" value=\"Send\" \/>\n\t<\/p>\n<\/div><div class=\"wpcf7-response-output\" aria-hidden=\"true\"><\/div>\n<\/form>\n<\/div>\n[\/vc_column][\/vc_row][vc_row full_width=&#8221;stretch_row_content_no_spaces&#8221;][vc_column][vc_raw_html el_class=&#8221;cyg&#8211;mapa&#8221;]JTNDc2VjdGlvbiUyMGNsYXNzJTNEJTIybWFwYSUyMiUzRSUzQ2lmcmFtZSUyMHNyYyUzRCUyMmh0dHBzJTNBJTJGJTJGd3d3Lmdvb2dsZS5jb20lMkZtYXBzJTJGZW1iZWQlM0ZwYiUzRCUyMTFtMTglMjExbTEyJTIxMW0zJTIxMWQ1MDE5LjE1ODI1OTQ5MTE4MyUyMTJkLTU2LjU1NTY2OTM3MjUxMjE3JTIxM2QtMzMuMzg3NzMwMTY0Mjc0NTMlMjEybTMlMjExZjAlMjEyZjAlMjEzZjAlMjEzbTIlMjExaTEwMjQlMjEyaTc2OCUyMTRmMTMuMSUyMTNtMyUyMTFtMiUyMTFzMHg5NWE2ZWJiZjBmNDkxNzExJTI1M0EweDFhYjUyOTM2ZDkwYTJhNTMlMjEyc051bWl4JTIxNWUxJTIxM20yJTIxMXNlcy00MTklMjEyc3V5JTIxNHYxNjkzNDEzNDk3OTkzJTIxNW0yJTIxMXNlcy00MTklMjEyc3V5JTIyJTIwd2lkdGglM0QlMjIxMDAlMjUlMjIlMjBoZWlnaHQlM0QlMjIzMDBweCUyMiUyMHN0eWxlJTNEJTIyYm9yZGVyJTNBMCUzQiUyMiUyMGFsbG93ZnVsbHNjcmVlbiUzRCUyMiUyMiUyMGxvYWRpbmclM0QlMjJsYXp5JTIyJTIwcmVmZXJyZXJwb2xpY3klM0QlMjJuby1yZWZlcnJlci13aGVuLWRvd25ncmFkZSUyMiUyMHN0eWxlJTNEJTIyaGVpZ2h0JTNBMzAwcHglMjAlMjFpbXBvcnRhbnQlM0IlMjIlM0UlM0MlMkZpZnJhbWUlM0UlM0MlMkZzZWN0aW9uJTNF[\/vc_raw_html][\/vc_column][\/vc_row]<\/p>\n<p><\/p>\n<\/section>","protected":false},"excerpt":{"rendered":"<p>[vc_row full_width=&#8221;stretch_row&#8221;][vc_column][rev_slider_vc alias=&#8221;home-2&#8243;][\/vc_column][\/vc_row][vc_row full_width=&#8221;stretch_row&#8221; gap=&#8221;15&#8243; equal_height=&#8221;yes&#8221; content_placement=&#8221;top&#8221; scheme=&#8221;default&#8221; css=&#8221;.vc_custom_1693679379544{padding-top: 50px !important;padding-bottom: 50px !important;}&#8221;][vc_column width=&#8221;1\/3&#8243;][vc_single_image image=&#8221;1681&#8243; img_size=&#8221;full&#8221;][vc_empty_space height=&#8221;27px&#8221; alter_height=&#8221;none&#8221; hide_on_mobile=&#8221;&#8221;][vc_empty_space height=&#8221;&#8221; hide_on_mobile=&#8221;&#8221;][vc_column_text] We are a balanced food plant located in the Department of Durazno, a strategic point due to its geographical location and livestock tradition, declared of Departmental and National interest, very important factors for the development of the project. [\/vc_column_text][vc_empty_space&hellip;<\/p>\n","protected":false},"author":1,"featured_media":0,"parent":0,"menu_order":4,"comment_status":"closed","ping_status":"closed","template":"","meta":{"footnotes":""},"class_list":["post-85","page","type-page","status-publish","hentry"],"yoast_head":"<!-- This site is optimized with the Yoast SEO plugin v24.9 - https:\/\/yoast.com\/wordpress\/plugins\/seo\/ -->\n<title>HOME - NUMIX<\/title>\n<meta name=\"description\" content=\"Venta de alimentos balanceados para ganado de carne, ganado de leche, n\u00facleos proteicos, l\u00ednea ovina, equina y alimentos para Mascotas. N\u00facleos y Premixes para la elaboraci\u00f3n de alimentos en establecimientos agropecuarios, corrales de engorde (feedlot), tambos, entre otros.\" \/>\n<meta name=\"robots\" content=\"index, follow, max-snippet:-1, max-image-preview:large, max-video-preview:-1\" \/>\n<link rel=\"canonical\" href=\"https:\/\/numix.com.uy\/\" \/>\n<meta property=\"og:locale\" content=\"en_US\" \/>\n<meta property=\"og:type\" content=\"article\" \/>\n<meta property=\"og:title\" content=\"[:es]Numix - especialistas en nutrici\u00f3n animal. Alimentos balanceados para ganado de carne, ganado de leche, n\u00facleos proteicos, l\u00ednea ovina, equina y alimentos para Mascotas.[:en]HOME[:] - NUMIX\" \/>\n<meta property=\"og:description\" content=\"Venta de alimentos balanceados para ganado de carne, ganado de leche, n\u00facleos proteicos, l\u00ednea ovina, equina y alimentos para Mascotas. N\u00facleos y Premixes para la elaboraci\u00f3n de alimentos en establecimientos agropecuarios, corrales de engorde (feedlot), tambos, entre otros.\" \/>\n<meta property=\"og:url\" content=\"https:\/\/numix.com.uy\/\" \/>\n<meta property=\"og:site_name\" content=\"NUMIX\" \/>\n<meta property=\"article:modified_time\" content=\"2025-04-28T17:43:50+00:00\" \/>\n<meta name=\"twitter:card\" content=\"summary_large_image\" \/>\n<meta name=\"twitter:label1\" content=\"Est. reading time\" \/>\n\t<meta name=\"twitter:data1\" content=\"5 minutes\" \/>\n<script type=\"application\/ld+json\" class=\"yoast-schema-graph\">{\"@context\":\"https:\/\/schema.org\",\"@graph\":[{\"@type\":\"WebPage\",\"@id\":\"https:\/\/numix.com.uy\/\",\"url\":\"https:\/\/numix.com.uy\/\",\"name\":\"[:es]Numix - especialistas en nutrici\u00f3n animal. Alimentos balanceados para ganado de carne, ganado de leche, n\u00facleos proteicos, l\u00ednea ovina, equina y alimentos para Mascotas.[:en]HOME[:] - NUMIX\",\"isPartOf\":{\"@id\":\"https:\/\/numix.com.uy\/#website\"},\"datePublished\":\"2017-04-05T13:47:48+00:00\",\"dateModified\":\"2025-04-28T17:43:50+00:00\",\"description\":\"Venta de alimentos balanceados para ganado de carne, ganado de leche, n\u00facleos proteicos, l\u00ednea ovina, equina y alimentos para Mascotas. N\u00facleos y Premixes para la elaboraci\u00f3n de alimentos en establecimientos agropecuarios, corrales de engorde (feedlot), tambos, entre otros.\",\"breadcrumb\":{\"@id\":\"https:\/\/numix.com.uy\/#breadcrumb\"},\"inLanguage\":\"en-US\",\"potentialAction\":[{\"@type\":\"ReadAction\",\"target\":[\"https:\/\/numix.com.uy\/\"]}]},{\"@type\":\"BreadcrumbList\",\"@id\":\"https:\/\/numix.com.uy\/#breadcrumb\",\"itemListElement\":[{\"@type\":\"ListItem\",\"position\":1,\"name\":\"Portada\",\"item\":\"https:\/\/numix.com.uy\/\"},{\"@type\":\"ListItem\",\"position\":2,\"name\":\"Numix &#8211; especialistas en nutrici\u00f3n animal. Alimentos balanceados para ganado de carne, ganado de leche, n\u00facleos proteicos, l\u00ednea ovina, equina y alimentos para Mascotas.\"}]},{\"@type\":\"WebSite\",\"@id\":\"https:\/\/numix.com.uy\/#website\",\"url\":\"https:\/\/numix.com.uy\/\",\"name\":\"NUMIX\",\"description\":\"Animal nutrition\",\"potentialAction\":[{\"@type\":\"SearchAction\",\"target\":{\"@type\":\"EntryPoint\",\"urlTemplate\":\"https:\/\/numix.com.uy\/?s={search_term_string}\"},\"query-input\":{\"@type\":\"PropertyValueSpecification\",\"valueRequired\":true,\"valueName\":\"search_term_string\"}}],\"inLanguage\":\"en-US\"}]}<\/script>\n<!-- \/ Yoast SEO plugin. -->","yoast_head_json":{"title":"[:es]Numix - especialistas en nutrici\u00f3n animal. Alimentos balanceados para ganado de carne, ganado de leche, n\u00facleos proteicos, l\u00ednea ovina, equina y alimentos para Mascotas.[:en]HOME[:] - NUMIX","description":"Venta de alimentos balanceados para ganado de carne, ganado de leche, n\u00facleos proteicos, l\u00ednea ovina, equina y alimentos para Mascotas. N\u00facleos y Premixes para la elaboraci\u00f3n de alimentos en establecimientos agropecuarios, corrales de engorde (feedlot), tambos, entre otros.","robots":{"index":"index","follow":"follow","max-snippet":"max-snippet:-1","max-image-preview":"max-image-preview:large","max-video-preview":"max-video-preview:-1"},"canonical":"https:\/\/numix.com.uy\/","og_locale":"en_US","og_type":"article","og_title":"[:es]Numix - especialistas en nutrici\u00f3n animal. Alimentos balanceados para ganado de carne, ganado de leche, n\u00facleos proteicos, l\u00ednea ovina, equina y alimentos para Mascotas.[:en]HOME[:] - NUMIX","og_description":"Venta de alimentos balanceados para ganado de carne, ganado de leche, n\u00facleos proteicos, l\u00ednea ovina, equina y alimentos para Mascotas. N\u00facleos y Premixes para la elaboraci\u00f3n de alimentos en establecimientos agropecuarios, corrales de engorde (feedlot), tambos, entre otros.","og_url":"https:\/\/numix.com.uy\/","og_site_name":"NUMIX","article_modified_time":"2025-04-28T17:43:50+00:00","twitter_card":"summary_large_image","twitter_misc":{"Est. reading time":"5 minutes"},"schema":{"@context":"https:\/\/schema.org","@graph":[{"@type":"WebPage","@id":"https:\/\/numix.com.uy\/","url":"https:\/\/numix.com.uy\/","name":"[:es]Numix - especialistas en nutrici\u00f3n animal. Alimentos balanceados para ganado de carne, ganado de leche, n\u00facleos proteicos, l\u00ednea ovina, equina y alimentos para Mascotas.[:en]HOME[:] - NUMIX","isPartOf":{"@id":"https:\/\/numix.com.uy\/#website"},"datePublished":"2017-04-05T13:47:48+00:00","dateModified":"2025-04-28T17:43:50+00:00","description":"Venta de alimentos balanceados para ganado de carne, ganado de leche, n\u00facleos proteicos, l\u00ednea ovina, equina y alimentos para Mascotas. N\u00facleos y Premixes para la elaboraci\u00f3n de alimentos en establecimientos agropecuarios, corrales de engorde (feedlot), tambos, entre otros.","breadcrumb":{"@id":"https:\/\/numix.com.uy\/#breadcrumb"},"inLanguage":"en-US","potentialAction":[{"@type":"ReadAction","target":["https:\/\/numix.com.uy\/"]}]},{"@type":"BreadcrumbList","@id":"https:\/\/numix.com.uy\/#breadcrumb","itemListElement":[{"@type":"ListItem","position":1,"name":"Portada","item":"https:\/\/numix.com.uy\/"},{"@type":"ListItem","position":2,"name":"Numix &#8211; especialistas en nutrici\u00f3n animal. Alimentos balanceados para ganado de carne, ganado de leche, n\u00facleos proteicos, l\u00ednea ovina, equina y alimentos para Mascotas."}]},{"@type":"WebSite","@id":"https:\/\/numix.com.uy\/#website","url":"https:\/\/numix.com.uy\/","name":"NUMIX","description":"Animal nutrition","potentialAction":[{"@type":"SearchAction","target":{"@type":"EntryPoint","urlTemplate":"https:\/\/numix.com.uy\/?s={search_term_string}"},"query-input":{"@type":"PropertyValueSpecification","valueRequired":true,"valueName":"search_term_string"}}],"inLanguage":"en-US"}]}},"_links":{"self":[{"href":"https:\/\/numix.com.uy\/en\/wp-json\/wp\/v2\/pages\/85","targetHints":{"allow":["GET"]}}],"collection":[{"href":"https:\/\/numix.com.uy\/en\/wp-json\/wp\/v2\/pages"}],"about":[{"href":"https:\/\/numix.com.uy\/en\/wp-json\/wp\/v2\/types\/page"}],"author":[{"embeddable":true,"href":"https:\/\/numix.com.uy\/en\/wp-json\/wp\/v2\/users\/1"}],"replies":[{"embeddable":true,"href":"https:\/\/numix.com.uy\/en\/wp-json\/wp\/v2\/comments?post=85"}],"version-history":[{"count":127,"href":"https:\/\/numix.com.uy\/en\/wp-json\/wp\/v2\/pages\/85\/revisions"}],"predecessor-version":[{"id":2204,"href":"https:\/\/numix.com.uy\/en\/wp-json\/wp\/v2\/pages\/85\/revisions\/2204"}],"wp:attachment":[{"href":"https:\/\/numix.com.uy\/en\/wp-json\/wp\/v2\/media?parent=85"}],"curies":[{"name":"wp","href":"https:\/\/api.w.org\/{rel}","templated":true}]}}