{"id":2140,"date":"2024-07-26T12:22:09","date_gmt":"2024-07-26T15:22:09","guid":{"rendered":"https:\/\/numix.com.uy\/?page_id=2140"},"modified":"2024-07-26T12:28:49","modified_gmt":"2024-07-26T15:28:49","slug":"gracias","status":"publish","type":"page","link":"https:\/\/numix.com.uy\/en\/gracias\/","title":{"rendered":"Pet Food"},"content":{"rendered":"<section class=\"wpb-content-wrapper\"><p><\/p>\n<p>[vc_section full_width=&#8221;stretch_row&#8221; el_class=&#8221;sec&#8211;1&#8243;][vc_row][vc_column][vc_raw_html]JTNDZGl2JTIwY2xhc3MlM0QlMjJjeWctLXRpdCUyMiUzRSUwQSUzQ2gyJTNFVGhlJTIwbW9zdCUyMGNvbXBsZXRlJTIwbnV0cml0aW9uJTNDYnIlM0UlMjBmb3IlMjB5b3VyJTIwcGV0cyUyMSUzQyUyRmgyJTNFJTBBJTNDJTJGZGl2JTNF[\/vc_raw_html][\/vc_column][\/vc_row][vc_row equal_height=&#8221;yes&#8221; content_placement=&#8221;middle&#8221;][vc_column width=&#8221;1\/3&#8243; el_class=&#8221;col&#8211;left&#8221;][vc_single_image image=&#8221;2037&#8243; img_size=&#8221;full&#8221;][\/vc_column][vc_column width=&#8221;1\/3&#8243; el_class=&#8221;col&#8211;center&#8221;][vc_column_text]We know how important your pets are in your life, that&#8217;s why now you have all the quality and support of Numix Balanced Food, so that your cat or dog always receives the best food, and at the best price![\/vc_column_text][\/vc_column][vc_column width=&#8221;1\/3&#8243; el_class=&#8221;col&#8211;right&#8221;][vc_single_image image=&#8221;2038&#8243; img_size=&#8221;full&#8221;][\/vc_column][\/vc_row][\/vc_section][vc_section full_width=&#8221;stretch_row&#8221; el_class=&#8221;sec&#8211;2&#8243; css=&#8221;.vc_custom_1720120779000{background-color: #0e5e25 !important;}&#8221;][vc_row el_class=&#8221;row&#8211;1 row&#8211;reverse&#8221; css=&#8221;.vc_custom_1720123690823{margin-bottom: 0px !important;}&#8221;][vc_column width=&#8221;1\/3&#8243; el_class=&#8221;col&#8211;left&#8221;][vc_single_image image=&#8221;2095&#8243; img_size=&#8221;full&#8221; el_class=&#8221;img&#8211;animal&#8221;][\/vc_column][vc_column width=&#8221;2\/3&#8243; el_class=&#8221;col&#8211;right&#8221;][vc_raw_html]JTNDZGl2JTIwY2xhc3MlM0QlMjJjeWctLXRpdCUyMiUzRSUwQSUzQ2gyJTNFQmFsYW5jZWQlMjBmb29kJTIwZm9yJTIwJTNDc3BhbiUzRWRvZ3MlM0MlMkZzcGFuJTNFJTBBJTNDJTJGZGl2JTNF[\/vc_raw_html][vc_column_text]The best quality but your best friend, whether for puppies or adults, you will find it<br \/>\nat Numix, with a first-class balanced food, accessible to everyone.[\/vc_column_text][vc_single_image image=&#8221;2109&#8243; img_size=&#8221;full&#8221; el_class=&#8221;img&#8211;iconos&#8221;][\/vc_column][\/vc_row][vc_row equal_height=&#8221;yes&#8221; content_placement=&#8221;bottom&#8221; el_class=&#8221;row&#8211;2&#8243;][vc_column width=&#8221;1\/3&#8243; el_class=&#8221;col&#8211;left&#8221;][vc_single_image image=&#8221;2064&#8243; img_size=&#8221;full&#8221;][\/vc_column][vc_column width=&#8221;1\/3&#8243; el_class=&#8221;col&#8211;center&#8221;][vc_column_text]Varieties: Puppies and Adults<br \/>\nPresentations: 1k, 8k and 22k[\/vc_column_text][vc_column_text el_class=&#8221;cyg&#8211;tx ch&#8221;]INGREDIENTS: Meat and bone meal, Hi-Pro soy flour, corn, wheat, stabilized animal fat, wheat bran, broken rice, zeolite, beet pulp, Yucca extract, hydrolyzed swine and poultry viscera, vegetable oil , HCL lysine, DL methionine, potassium chloride, sodium chloride, choline chloride, mineral vitamin supplement with contribution of (potassium iodate, manganese oxide, zinc and copper hydroxide minerals, sodium selenite, organic selenium, sulfate iron, Vitamin A, Vitamin D3, Vitamin E, Vitamin K3, Vitamin B1, Vitamin B2, Vitamin B6, Vitamin B12, pantothenic acid Vit. B5, niacin, biotin (Vit H), folic acid (Vit B9)), prebiotics, probiotics, antioxidants, antifungals.[\/vc_column_text][\/vc_column][vc_column width=&#8221;1\/3&#8243; el_class=&#8221;col&#8211;right&#8221;][vc_single_image image=&#8221;2134&#8243; img_size=&#8221;full&#8221; alignment=&#8221;right&#8221;][\/vc_column][\/vc_row][\/vc_section][vc_section full_width=&#8221;stretch_row&#8221; el_class=&#8221;sec&#8211;3&#8243; css=&#8221;.vc_custom_1720120795368{background-color: #448957 !important;}&#8221;][vc_row el_class=&#8221;row&#8211;1&#8243; css=&#8221;.vc_custom_1720122950128{margin-bottom: 30px !important;}&#8221;][vc_column width=&#8221;1\/3&#8243; el_class=&#8221;col&#8211;left&#8221;][vc_single_image image=&#8221;2096&#8243; img_size=&#8221;full&#8221; el_class=&#8221;img&#8211;animal&#8221;][\/vc_column][vc_column width=&#8221;2\/3&#8243; el_class=&#8221;col&#8211;right&#8221;][vc_raw_html]JTNDZGl2JTIwY2xhc3MlM0QlMjJjeWctLXRpdCUyMiUzRSUwQSUzQ2gyJTNFQmFsYW5jZWQlMjBmb29kJTIwZm9yJTIwJTNDc3BhbiUzRWNhdHMlM0MlMkZzcGFuJTNFJTNDJTJGaDIlM0UlMEElM0MlMkZkaXYlM0U=[\/vc_raw_html][vc_column_text]Feed your cat with Numix and ensure the best nutrition at the best price.<br \/>\nOur balanced food is specially made<br \/>\nto promote their well-being.[\/vc_column_text][vc_single_image image=&#8221;2110&#8243; img_size=&#8221;full&#8221; el_class=&#8221;img&#8211;iconos&#8221;][\/vc_column][\/vc_row][vc_row equal_height=&#8221;yes&#8221; content_placement=&#8221;bottom&#8221; el_class=&#8221;row&#8211;2&#8243;][vc_column width=&#8221;1\/3&#8243; el_class=&#8221;col&#8211;left&#8221;][vc_single_image image=&#8221;2079&#8243; img_size=&#8221;full&#8221; alignment=&#8221;center&#8221;][\/vc_column][vc_column width=&#8221;1\/3&#8243; el_class=&#8221;col&#8211;center&#8221;][vc_column_text]Varieties: Adults<br \/>\nPresentations: 1k and 8k[\/vc_column_text][vc_column_text el_class=&#8221;cyg&#8211;tx ch&#8221;]INGREDIENTS: Meat and bone meal, fish meal, gluten meal, Hi-Pro soy flour, broken rice, corn, stabilized animal fat, wheat bran, zeolite, beet pulp, Yucca extract, hydrolyzed swine viscera , vegetable oil, lysine HCL, DL methionine, taurine, potassium chloride, sodium chloride, choline chloride, mineral vitamin supplement with contribution of (potassium iodate, manganese oxide, zinc and copper hydroxide minerals, sodium selenite, organic selenium, iron sulfate, Vitamin A, Vitamin D3, Vitamin E, Vitamin K3, Vitamin B1, Vitamin B2, Vitamin B6, Vitamin B12, pantothenic acid Vit B5, niacin, biotin (Vit H), folic acid (Vit B9) )), prebiotics, probiotics, antioxidants, antifungals.[\/vc_column_text][\/vc_column][vc_column width=&#8221;1\/3&#8243; el_class=&#8221;col&#8211;right&#8221;][vc_single_image image=&#8221;2135&#8243; img_size=&#8221;full&#8221; alignment=&#8221;right&#8221;][\/vc_column][\/vc_row][\/vc_section][vc_section full_width=&#8221;stretch_row&#8221; el_class=&#8221;sec&#8211;4&#8243;][vc_row][vc_column][vc_single_image image=&#8221;2132&#8243; img_size=&#8221;full&#8221; alignment=&#8221;center&#8221; onclick=&#8221;custom_link&#8221; img_link_target=&#8221;_blank&#8221; link=&#8221;https:\/\/wa.me\/+59892864400&#8243;][vc_column_text]<\/p>\n<p style=\"text-align: center;\"><span style=\"visibility: hidden;\">Consult\u00e1 aqu\u00ed el punto de venta m\u00e1s cercano<\/span><\/p>\n<p>[\/vc_column_text][\/vc_column][\/vc_row][\/vc_section]<\/p>\n<p><\/p>\n<\/section>","protected":false},"excerpt":{"rendered":"<p>[vc_section full_width=&#8221;stretch_row&#8221; el_class=&#8221;sec&#8211;1&#8243;][vc_row][vc_column][vc_raw_html]JTNDZGl2JTIwY2xhc3MlM0QlMjJjeWctLXRpdCUyMiUzRSUwQSUzQ2gyJTNFVGhlJTIwbW9zdCUyMGNvbXBsZXRlJTIwbnV0cml0aW9uJTNDYnIlM0UlMjBmb3IlMjB5b3VyJTIwcGV0cyUyMSUzQyUyRmgyJTNFJTBBJTNDJTJGZGl2JTNF[\/vc_raw_html][\/vc_column][\/vc_row][vc_row equal_height=&#8221;yes&#8221; content_placement=&#8221;middle&#8221;][vc_column width=&#8221;1\/3&#8243; el_class=&#8221;col&#8211;left&#8221;][vc_single_image image=&#8221;2037&#8243; img_size=&#8221;full&#8221;][\/vc_column][vc_column width=&#8221;1\/3&#8243; el_class=&#8221;col&#8211;center&#8221;][vc_column_text]We know how important your pets are in your life, that&#8217;s why now you have all the quality and support of Numix Balanced Food, so that your cat or dog always receives the best food, and at the best price![\/vc_column_text][\/vc_column][vc_column width=&#8221;1\/3&#8243; el_class=&#8221;col&#8211;right&#8221;][vc_single_image image=&#8221;2038&#8243; img_size=&#8221;full&#8221;][\/vc_column][\/vc_row][\/vc_section][vc_section full_width=&#8221;stretch_row&#8221; el_class=&#8221;sec&#8211;2&#8243; css=&#8221;.vc_custom_1720120779000{background-color: #0e5e25 !important;}&#8221;][vc_row el_class=&#8221;row&#8211;1&hellip;<\/p>\n","protected":false},"author":1,"featured_media":0,"parent":0,"menu_order":0,"comment_status":"closed","ping_status":"closed","template":"","meta":{"footnotes":""},"class_list":["post-2140","page","type-page","status-publish","hentry"],"yoast_head":"<!-- This site is optimized with the Yoast SEO plugin v24.9 - https:\/\/yoast.com\/wordpress\/plugins\/seo\/ -->\n<title>Pet Food - NUMIX<\/title>\n<meta name=\"robots\" content=\"index, follow, max-snippet:-1, max-image-preview:large, max-video-preview:-1\" \/>\n<link rel=\"canonical\" href=\"https:\/\/numix.com.uy\/en\/gracias\/\" \/>\n<meta property=\"og:locale\" content=\"en_US\" \/>\n<meta property=\"og:type\" content=\"article\" \/>\n<meta property=\"og:title\" content=\"[:es]Gracias[:en]Pet Food[:] - NUMIX\" \/>\n<meta property=\"og:description\" content=\"[vc_section full_width=&#8221;stretch_row&#8221; el_class=&#8221;sec&#8211;1&#8243;][vc_row][vc_column][vc_raw_html]JTNDZGl2JTIwY2xhc3MlM0QlMjJjeWctLXRpdCUyMiUzRSUwQSUzQ2gyJTNFVGhlJTIwbW9zdCUyMGNvbXBsZXRlJTIwbnV0cml0aW9uJTNDYnIlM0UlMjBmb3IlMjB5b3VyJTIwcGV0cyUyMSUzQyUyRmgyJTNFJTBBJTNDJTJGZGl2JTNF[\/vc_raw_html][\/vc_column][\/vc_row][vc_row equal_height=&#8221;yes&#8221; content_placement=&#8221;middle&#8221;][vc_column width=&#8221;1\/3&#8243; el_class=&#8221;col&#8211;left&#8221;][vc_single_image image=&#8221;2037&#8243; img_size=&#8221;full&#8221;][\/vc_column][vc_column width=&#8221;1\/3&#8243; el_class=&#8221;col&#8211;center&#8221;][vc_column_text]We know how important your pets are in your life, that&#8217;s why now you have all the quality and support of Numix Balanced Food, so that your cat or dog always receives the best food, and at the best price![\/vc_column_text][\/vc_column][vc_column width=&#8221;1\/3&#8243; el_class=&#8221;col&#8211;right&#8221;][vc_single_image image=&#8221;2038&#8243; img_size=&#8221;full&#8221;][\/vc_column][\/vc_row][\/vc_section][vc_section full_width=&#8221;stretch_row&#8221; el_class=&#8221;sec&#8211;2&#8243; css=&#8221;.vc_custom_1720120779000{background-color: #0e5e25 !important;}&#8221;][vc_row el_class=&#8221;row&#8211;1&hellip;\" \/>\n<meta property=\"og:url\" content=\"https:\/\/numix.com.uy\/en\/gracias\/\" \/>\n<meta property=\"og:site_name\" content=\"NUMIX\" \/>\n<meta property=\"article:modified_time\" content=\"2024-07-26T15:28:49+00:00\" \/>\n<meta name=\"twitter:card\" content=\"summary_large_image\" \/>\n<meta name=\"twitter:label1\" content=\"Est. reading time\" \/>\n\t<meta name=\"twitter:data1\" content=\"4 minutes\" \/>\n<script type=\"application\/ld+json\" class=\"yoast-schema-graph\">{\"@context\":\"https:\/\/schema.org\",\"@graph\":[{\"@type\":\"WebPage\",\"@id\":\"https:\/\/numix.com.uy\/en\/gracias\/\",\"url\":\"https:\/\/numix.com.uy\/en\/gracias\/\",\"name\":\"[:es]Gracias[:en]Pet Food[:] - NUMIX\",\"isPartOf\":{\"@id\":\"https:\/\/numix.com.uy\/#website\"},\"datePublished\":\"2024-07-26T15:22:09+00:00\",\"dateModified\":\"2024-07-26T15:28:49+00:00\",\"breadcrumb\":{\"@id\":\"https:\/\/numix.com.uy\/en\/gracias\/#breadcrumb\"},\"inLanguage\":\"en-US\",\"potentialAction\":[{\"@type\":\"ReadAction\",\"target\":[\"https:\/\/numix.com.uy\/en\/gracias\/\"]}]},{\"@type\":\"BreadcrumbList\",\"@id\":\"https:\/\/numix.com.uy\/en\/gracias\/#breadcrumb\",\"itemListElement\":[{\"@type\":\"ListItem\",\"position\":1,\"name\":\"Portada\",\"item\":\"https:\/\/numix.com.uy\/\"},{\"@type\":\"ListItem\",\"position\":2,\"name\":\"Pet Food\"}]},{\"@type\":\"WebSite\",\"@id\":\"https:\/\/numix.com.uy\/#website\",\"url\":\"https:\/\/numix.com.uy\/\",\"name\":\"NUMIX\",\"description\":\"Animal nutrition\",\"potentialAction\":[{\"@type\":\"SearchAction\",\"target\":{\"@type\":\"EntryPoint\",\"urlTemplate\":\"https:\/\/numix.com.uy\/?s={search_term_string}\"},\"query-input\":{\"@type\":\"PropertyValueSpecification\",\"valueRequired\":true,\"valueName\":\"search_term_string\"}}],\"inLanguage\":\"en-US\"}]}<\/script>\n<!-- \/ Yoast SEO plugin. -->","yoast_head_json":{"title":"[:es]Gracias[:en]Pet Food[:] - NUMIX","robots":{"index":"index","follow":"follow","max-snippet":"max-snippet:-1","max-image-preview":"max-image-preview:large","max-video-preview":"max-video-preview:-1"},"canonical":"https:\/\/numix.com.uy\/en\/gracias\/","og_locale":"en_US","og_type":"article","og_title":"[:es]Gracias[:en]Pet Food[:] - NUMIX","og_description":"[vc_section full_width=&#8221;stretch_row&#8221; el_class=&#8221;sec&#8211;1&#8243;][vc_row][vc_column][vc_raw_html]JTNDZGl2JTIwY2xhc3MlM0QlMjJjeWctLXRpdCUyMiUzRSUwQSUzQ2gyJTNFVGhlJTIwbW9zdCUyMGNvbXBsZXRlJTIwbnV0cml0aW9uJTNDYnIlM0UlMjBmb3IlMjB5b3VyJTIwcGV0cyUyMSUzQyUyRmgyJTNFJTBBJTNDJTJGZGl2JTNF[\/vc_raw_html][\/vc_column][\/vc_row][vc_row equal_height=&#8221;yes&#8221; content_placement=&#8221;middle&#8221;][vc_column width=&#8221;1\/3&#8243; el_class=&#8221;col&#8211;left&#8221;][vc_single_image image=&#8221;2037&#8243; img_size=&#8221;full&#8221;][\/vc_column][vc_column width=&#8221;1\/3&#8243; el_class=&#8221;col&#8211;center&#8221;][vc_column_text]We know how important your pets are in your life, that&#8217;s why now you have all the quality and support of Numix Balanced Food, so that your cat or dog always receives the best food, and at the best price![\/vc_column_text][\/vc_column][vc_column width=&#8221;1\/3&#8243; el_class=&#8221;col&#8211;right&#8221;][vc_single_image image=&#8221;2038&#8243; img_size=&#8221;full&#8221;][\/vc_column][\/vc_row][\/vc_section][vc_section full_width=&#8221;stretch_row&#8221; el_class=&#8221;sec&#8211;2&#8243; css=&#8221;.vc_custom_1720120779000{background-color: #0e5e25 !important;}&#8221;][vc_row el_class=&#8221;row&#8211;1&hellip;","og_url":"https:\/\/numix.com.uy\/en\/gracias\/","og_site_name":"NUMIX","article_modified_time":"2024-07-26T15:28:49+00:00","twitter_card":"summary_large_image","twitter_misc":{"Est. reading time":"4 minutes"},"schema":{"@context":"https:\/\/schema.org","@graph":[{"@type":"WebPage","@id":"https:\/\/numix.com.uy\/en\/gracias\/","url":"https:\/\/numix.com.uy\/en\/gracias\/","name":"[:es]Gracias[:en]Pet Food[:] - NUMIX","isPartOf":{"@id":"https:\/\/numix.com.uy\/#website"},"datePublished":"2024-07-26T15:22:09+00:00","dateModified":"2024-07-26T15:28:49+00:00","breadcrumb":{"@id":"https:\/\/numix.com.uy\/en\/gracias\/#breadcrumb"},"inLanguage":"en-US","potentialAction":[{"@type":"ReadAction","target":["https:\/\/numix.com.uy\/en\/gracias\/"]}]},{"@type":"BreadcrumbList","@id":"https:\/\/numix.com.uy\/en\/gracias\/#breadcrumb","itemListElement":[{"@type":"ListItem","position":1,"name":"Portada","item":"https:\/\/numix.com.uy\/"},{"@type":"ListItem","position":2,"name":"Pet Food"}]},{"@type":"WebSite","@id":"https:\/\/numix.com.uy\/#website","url":"https:\/\/numix.com.uy\/","name":"NUMIX","description":"Animal nutrition","potentialAction":[{"@type":"SearchAction","target":{"@type":"EntryPoint","urlTemplate":"https:\/\/numix.com.uy\/?s={search_term_string}"},"query-input":{"@type":"PropertyValueSpecification","valueRequired":true,"valueName":"search_term_string"}}],"inLanguage":"en-US"}]}},"_links":{"self":[{"href":"https:\/\/numix.com.uy\/en\/wp-json\/wp\/v2\/pages\/2140","targetHints":{"allow":["GET"]}}],"collection":[{"href":"https:\/\/numix.com.uy\/en\/wp-json\/wp\/v2\/pages"}],"about":[{"href":"https:\/\/numix.com.uy\/en\/wp-json\/wp\/v2\/types\/page"}],"author":[{"embeddable":true,"href":"https:\/\/numix.com.uy\/en\/wp-json\/wp\/v2\/users\/1"}],"replies":[{"embeddable":true,"href":"https:\/\/numix.com.uy\/en\/wp-json\/wp\/v2\/comments?post=2140"}],"version-history":[{"count":5,"href":"https:\/\/numix.com.uy\/en\/wp-json\/wp\/v2\/pages\/2140\/revisions"}],"predecessor-version":[{"id":2145,"href":"https:\/\/numix.com.uy\/en\/wp-json\/wp\/v2\/pages\/2140\/revisions\/2145"}],"wp:attachment":[{"href":"https:\/\/numix.com.uy\/en\/wp-json\/wp\/v2\/media?parent=2140"}],"curies":[{"name":"wp","href":"https:\/\/api.w.org\/{rel}","templated":true}]}}