{"id":1277,"date":"2023-09-03T19:42:55","date_gmt":"2023-09-03T22:42:55","guid":{"rendered":"https:\/\/numix.com.uy\/?page_id=1277"},"modified":"2023-10-05T10:44:32","modified_gmt":"2023-10-05T13:44:32","slug":"linea-verde","status":"publish","type":"page","link":"https:\/\/numix.com.uy\/en\/linea-verde\/","title":{"rendered":"L\u00ednea verde"},"content":{"rendered":"<section class=\"wpb-content-wrapper\"><p>[vc_row gap=&#8221;30&#8243; equal_height=&#8221;yes&#8221; content_placement=&#8221;middle&#8221; css=&#8221;.vc_custom_1693781116698{padding-top: 30px !important;padding-bottom: 30px !important;}&#8221;][vc_column width=&#8221;1\/2&#8243; css=&#8221;.vc_custom_1693526536399{margin-top: 0px !important;margin-right: 0px !important;margin-bottom: 0px !important;margin-left: 0px !important;padding-top: 0px !important;padding-right: 0px !important;padding-bottom: 0px !important;padding-left: 0px !important;}&#8221;][vc_single_image image=&#8221;1256&#8243; img_size=&#8221;full&#8221; css=&#8221;.vc_custom_1693781072224{padding-top: 0px !important;padding-right: 0px !important;padding-bottom: 0px !important;padding-left: 0px !important;}&#8221;][\/vc_column][vc_column width=&#8221;1\/2&#8243;][vc_column_text]<\/p>\n<p style=\"text-align: left; color: #333;\">Nuestro mayor objetivo es estar a la vanguardia de las necesidades de los productores que conf\u00edan en Numix para lograr resultados \u00f3ptimos en su rodeo. Pero tambi\u00e9n es primordial poder hacerlo en funci\u00f3n de las necesidades de nuestro medioambiente.<br \/>\nSabemos que el metano es un gas de efecto invernadero que se genera en multitud de procesos naturales y artificiales, pero el m\u00e1s conocido posiblemente sea el que se produce en el interior del aparato digestivo de los rumiantes, cuando los microbios que se encuentran en su interior fermentan el alimento que consumen.<br \/>\nEste proceso, conocido como fermentaci\u00f3n ent\u00e9rica, produce el metano que las vacas eliminar\u00e1n posteriormente.<br \/>\nPor este motivo, para cambiar la huella, nos encontramos trabajando en nuestra L\u00ednea Verde, que se compone de alimento balanceado para bovinos que reduce la emisi\u00f3n de gases.<\/p>\n<p>[\/vc_column_text][\/vc_column][\/vc_row][vc_row full_width=&#8221;stretch_row&#8221; equal_height=&#8221;yes&#8221; content_placement=&#8221;middle&#8221; css=&#8221;.vc_custom_1693781161733{padding-top: 0px !important;padding-bottom: 0px !important;background-color: #ebebeb !important;}&#8221;][vc_column width=&#8221;1\/4&#8243;][\/vc_column][vc_column width=&#8221;1\/4&#8243;][\/vc_column][vc_column width=&#8221;1\/4&#8243;][\/vc_column][vc_column width=&#8221;1\/4&#8243;][\/vc_column][\/vc_row][vc_row full_width=&#8221;stretch_row&#8221; content_placement=&#8221;top&#8221; css=&#8221;.vc_custom_1693845971224{padding-top: 30px !important;padding-bottom: 30px !important;background-color: #f4f4f4 !important;}&#8221;][vc_column css=&#8221;.vc_custom_1693781212912{margin-top: 0px !important;margin-right: 0px !important;margin-bottom: 0px !important;margin-left: 0px !important;padding-top: 0px !important;padding-right: 0px !important;padding-bottom: 0px !important;padding-left: 0px !important;background-position: center !important;background-repeat: no-repeat !important;background-size: cover !important;}&#8221;]<div id=\"widget_video_1026093785\" class=\"widget_area sc_widget_video vc_widget_video wpb_content_element cyg--video  vc_custom_1694461510313\"><aside id=\"widget_video_1026093785_widget\" class=\"widget widget_video\"><div id=\"sc_video_140533270\" class=\"trx_addons_video_player with_cover hover_play\"><img loading=\"lazy\" decoding=\"async\" src=\"https:\/\/numix.com.uy\/wp-content\/uploads\/2023\/09\/video.jpg\" alt=\"\" width=\"854\" height=\"480\"><div class=\"video_mask\"><\/div><div class=\"video_hover\" data-video=\"&lt;div style=&quot;width: 640px;&quot; class=&quot;wp-video&quot;&gt;&lt;video autoplay=&quot;autoplay&quot; class=&quot;wp-video-shortcode&quot; id=&quot;video-1277-1&quot; width=&quot;640&quot; height=&quot;360&quot; preload=&quot;metadata&quot; controls=&quot;controls&quot;&gt;&lt;source type=&quot;video\/mp4&quot; src=&quot;https:\/\/numix.com.uy\/wp-content\/uploads\/2023\/09\/NUMIX.mp4?_=1&quot; \/&gt;&lt;a href=&quot;https:\/\/numix.com.uy\/wp-content\/uploads\/2023\/09\/NUMIX.mp4&quot;&gt;https:\/\/numix.com.uy\/wp-content\/uploads\/2023\/09\/NUMIX.mp4&lt;\/a&gt;&lt;\/video&gt;&lt;\/div&gt;\"><\/div><div class=\"video_embed video_frame\"><\/div><\/div><\/aside><\/div>[\/vc_column][\/vc_row]<\/p>\n<\/section>","protected":false},"excerpt":{"rendered":"<p>[vc_row gap=&#8221;30&#8243; equal_height=&#8221;yes&#8221; content_placement=&#8221;middle&#8221; css=&#8221;.vc_custom_1693781116698{padding-top: 30px !important;padding-bottom: 30px !important;}&#8221;][vc_column width=&#8221;1\/2&#8243; css=&#8221;.vc_custom_1693526536399{margin-top: 0px !important;margin-right: 0px !important;margin-bottom: 0px !important;margin-left: 0px !important;padding-top: 0px !important;padding-right: 0px !important;padding-bottom: 0px !important;padding-left: 0px !important;}&#8221;][vc_single_image image=&#8221;1256&#8243; img_size=&#8221;full&#8221; css=&#8221;.vc_custom_1693781072224{padding-top: 0px !important;padding-right: 0px !important;padding-bottom: 0px !important;padding-left: 0px !important;}&#8221;][\/vc_column][vc_column width=&#8221;1\/2&#8243;][vc_column_text] Nuestro mayor objetivo es estar a la vanguardia de las necesidades de los productores que conf\u00edan en Numix para lograr resultados&hellip;<\/p>\n","protected":false},"author":1,"featured_media":0,"parent":0,"menu_order":0,"comment_status":"closed","ping_status":"closed","template":"","meta":{"footnotes":""},"class_list":["post-1277","page","type-page","status-publish","hentry"],"yoast_head":"<!-- This site is optimized with the Yoast SEO plugin v24.9 - https:\/\/yoast.com\/wordpress\/plugins\/seo\/ -->\n<title>L\u00ednea verde - NUMIX<\/title>\n<meta name=\"robots\" content=\"index, follow, max-snippet:-1, max-image-preview:large, max-video-preview:-1\" \/>\n<link rel=\"canonical\" href=\"https:\/\/numix.com.uy\/en\/linea-verde\/\" \/>\n<meta property=\"og:locale\" content=\"en_US\" \/>\n<meta property=\"og:type\" content=\"article\" \/>\n<meta property=\"og:title\" content=\"L\u00ednea verde - NUMIX\" \/>\n<meta property=\"og:description\" content=\"[vc_row gap=&#8221;30&#8243; equal_height=&#8221;yes&#8221; content_placement=&#8221;middle&#8221; css=&#8221;.vc_custom_1693781116698{padding-top: 30px !important;padding-bottom: 30px !important;}&#8221;][vc_column width=&#8221;1\/2&#8243; css=&#8221;.vc_custom_1693526536399{margin-top: 0px !important;margin-right: 0px !important;margin-bottom: 0px !important;margin-left: 0px !important;padding-top: 0px !important;padding-right: 0px !important;padding-bottom: 0px !important;padding-left: 0px !important;}&#8221;][vc_single_image image=&#8221;1256&#8243; img_size=&#8221;full&#8221; css=&#8221;.vc_custom_1693781072224{padding-top: 0px !important;padding-right: 0px !important;padding-bottom: 0px !important;padding-left: 0px !important;}&#8221;][\/vc_column][vc_column width=&#8221;1\/2&#8243;][vc_column_text] Nuestro mayor objetivo es estar a la vanguardia de las necesidades de los productores que conf\u00edan en Numix para lograr resultados&hellip;\" \/>\n<meta property=\"og:url\" content=\"https:\/\/numix.com.uy\/en\/linea-verde\/\" \/>\n<meta property=\"og:site_name\" content=\"NUMIX\" \/>\n<meta property=\"article:modified_time\" content=\"2023-10-05T13:44:32+00:00\" \/>\n<meta name=\"twitter:card\" content=\"summary_large_image\" \/>\n<meta name=\"twitter:label1\" content=\"Est. reading time\" \/>\n\t<meta name=\"twitter:data1\" content=\"2 minutes\" \/>\n<script type=\"application\/ld+json\" class=\"yoast-schema-graph\">{\"@context\":\"https:\/\/schema.org\",\"@graph\":[{\"@type\":\"WebPage\",\"@id\":\"https:\/\/numix.com.uy\/en\/linea-verde\/\",\"url\":\"https:\/\/numix.com.uy\/en\/linea-verde\/\",\"name\":\"L\u00ednea verde - NUMIX\",\"isPartOf\":{\"@id\":\"https:\/\/numix.com.uy\/#website\"},\"datePublished\":\"2023-09-03T22:42:55+00:00\",\"dateModified\":\"2023-10-05T13:44:32+00:00\",\"breadcrumb\":{\"@id\":\"https:\/\/numix.com.uy\/en\/linea-verde\/#breadcrumb\"},\"inLanguage\":\"en-US\",\"potentialAction\":[{\"@type\":\"ReadAction\",\"target\":[\"https:\/\/numix.com.uy\/en\/linea-verde\/\"]}]},{\"@type\":\"BreadcrumbList\",\"@id\":\"https:\/\/numix.com.uy\/en\/linea-verde\/#breadcrumb\",\"itemListElement\":[{\"@type\":\"ListItem\",\"position\":1,\"name\":\"Portada\",\"item\":\"https:\/\/numix.com.uy\/\"},{\"@type\":\"ListItem\",\"position\":2,\"name\":\"L\u00ednea verde\"}]},{\"@type\":\"WebSite\",\"@id\":\"https:\/\/numix.com.uy\/#website\",\"url\":\"https:\/\/numix.com.uy\/\",\"name\":\"NUMIX\",\"description\":\"Animal nutrition\",\"potentialAction\":[{\"@type\":\"SearchAction\",\"target\":{\"@type\":\"EntryPoint\",\"urlTemplate\":\"https:\/\/numix.com.uy\/?s={search_term_string}\"},\"query-input\":{\"@type\":\"PropertyValueSpecification\",\"valueRequired\":true,\"valueName\":\"search_term_string\"}}],\"inLanguage\":\"en-US\"}]}<\/script>\n<!-- \/ Yoast SEO plugin. -->","yoast_head_json":{"title":"L\u00ednea verde - NUMIX","robots":{"index":"index","follow":"follow","max-snippet":"max-snippet:-1","max-image-preview":"max-image-preview:large","max-video-preview":"max-video-preview:-1"},"canonical":"https:\/\/numix.com.uy\/en\/linea-verde\/","og_locale":"en_US","og_type":"article","og_title":"L\u00ednea verde - NUMIX","og_description":"[vc_row gap=&#8221;30&#8243; equal_height=&#8221;yes&#8221; content_placement=&#8221;middle&#8221; css=&#8221;.vc_custom_1693781116698{padding-top: 30px !important;padding-bottom: 30px !important;}&#8221;][vc_column width=&#8221;1\/2&#8243; css=&#8221;.vc_custom_1693526536399{margin-top: 0px !important;margin-right: 0px !important;margin-bottom: 0px !important;margin-left: 0px !important;padding-top: 0px !important;padding-right: 0px !important;padding-bottom: 0px !important;padding-left: 0px !important;}&#8221;][vc_single_image image=&#8221;1256&#8243; img_size=&#8221;full&#8221; css=&#8221;.vc_custom_1693781072224{padding-top: 0px !important;padding-right: 0px !important;padding-bottom: 0px !important;padding-left: 0px !important;}&#8221;][\/vc_column][vc_column width=&#8221;1\/2&#8243;][vc_column_text] Nuestro mayor objetivo es estar a la vanguardia de las necesidades de los productores que conf\u00edan en Numix para lograr resultados&hellip;","og_url":"https:\/\/numix.com.uy\/en\/linea-verde\/","og_site_name":"NUMIX","article_modified_time":"2023-10-05T13:44:32+00:00","twitter_card":"summary_large_image","twitter_misc":{"Est. reading time":"2 minutes"},"schema":{"@context":"https:\/\/schema.org","@graph":[{"@type":"WebPage","@id":"https:\/\/numix.com.uy\/en\/linea-verde\/","url":"https:\/\/numix.com.uy\/en\/linea-verde\/","name":"L\u00ednea verde - NUMIX","isPartOf":{"@id":"https:\/\/numix.com.uy\/#website"},"datePublished":"2023-09-03T22:42:55+00:00","dateModified":"2023-10-05T13:44:32+00:00","breadcrumb":{"@id":"https:\/\/numix.com.uy\/en\/linea-verde\/#breadcrumb"},"inLanguage":"en-US","potentialAction":[{"@type":"ReadAction","target":["https:\/\/numix.com.uy\/en\/linea-verde\/"]}]},{"@type":"BreadcrumbList","@id":"https:\/\/numix.com.uy\/en\/linea-verde\/#breadcrumb","itemListElement":[{"@type":"ListItem","position":1,"name":"Portada","item":"https:\/\/numix.com.uy\/"},{"@type":"ListItem","position":2,"name":"L\u00ednea verde"}]},{"@type":"WebSite","@id":"https:\/\/numix.com.uy\/#website","url":"https:\/\/numix.com.uy\/","name":"NUMIX","description":"Animal nutrition","potentialAction":[{"@type":"SearchAction","target":{"@type":"EntryPoint","urlTemplate":"https:\/\/numix.com.uy\/?s={search_term_string}"},"query-input":{"@type":"PropertyValueSpecification","valueRequired":true,"valueName":"search_term_string"}}],"inLanguage":"en-US"}]}},"_links":{"self":[{"href":"https:\/\/numix.com.uy\/en\/wp-json\/wp\/v2\/pages\/1277","targetHints":{"allow":["GET"]}}],"collection":[{"href":"https:\/\/numix.com.uy\/en\/wp-json\/wp\/v2\/pages"}],"about":[{"href":"https:\/\/numix.com.uy\/en\/wp-json\/wp\/v2\/types\/page"}],"author":[{"embeddable":true,"href":"https:\/\/numix.com.uy\/en\/wp-json\/wp\/v2\/users\/1"}],"replies":[{"embeddable":true,"href":"https:\/\/numix.com.uy\/en\/wp-json\/wp\/v2\/comments?post=1277"}],"version-history":[{"count":15,"href":"https:\/\/numix.com.uy\/en\/wp-json\/wp\/v2\/pages\/1277\/revisions"}],"predecessor-version":[{"id":1312,"href":"https:\/\/numix.com.uy\/en\/wp-json\/wp\/v2\/pages\/1277\/revisions\/1312"}],"wp:attachment":[{"href":"https:\/\/numix.com.uy\/en\/wp-json\/wp\/v2\/media?parent=1277"}],"curies":[{"name":"wp","href":"https:\/\/api.w.org\/{rel}","templated":true}]}}